{"id":27,"date":"2023-02-02T14:44:03","date_gmt":"2023-02-02T13:44:03","guid":{"rendered":"https:\/\/www.andreasebermann.at\/HausAttos\/?page_id=27"},"modified":"2023-03-24T07:22:14","modified_gmt":"2023-03-24T06:22:14","slug":"stornierung","status":"publish","type":"page","link":"https:\/\/www.haus-attos.at\/en\/cancellation\/","title":{"rendered":"cancellation"},"content":{"rendered":"<div data-elementor-type=\"wp-page\" data-elementor-id=\"27\" class=\"elementor elementor-27\" data-elementor-post-type=\"page\">\n\t\t\t\t<div class=\"elementor-element elementor-element-1f5ba01b e-flex e-con-boxed e-con e-parent\" data-id=\"1f5ba01b\" data-element_type=\"container\" data-e-type=\"container\" data-settings=\"{&quot;background_background&quot;:&quot;classic&quot;,&quot;_ob_use_container_extras&quot;:&quot;no&quot;,&quot;_ob_column_hoveranimator&quot;:&quot;no&quot;,&quot;_ob_glider_is_slider&quot;:&quot;no&quot;,&quot;_ob_column_has_pseudo&quot;:&quot;no&quot;}\">\n\t\t\t\t\t<div class=\"e-con-inner\">\n\t\t\t\t<div class=\"elementor-element elementor-element-39b7453 animated-slow ob-harakiri-inherit ob-has-background-overlay elementor-widget elementor-widget-heading\" data-id=\"39b7453\" data-element_type=\"widget\" data-e-type=\"widget\" data-settings=\"{&quot;_animation&quot;:&quot;none&quot;,&quot;_animation_mobile&quot;:&quot;none&quot;,&quot;_ob_use_harakiri&quot;:&quot;yes&quot;,&quot;_ob_harakiri_writing_mode&quot;:&quot;inherit&quot;,&quot;_ob_harakiri_text_clip&quot;:&quot;none&quot;,&quot;_ob_widget_stalker_use&quot;:&quot;no&quot;,&quot;_ob_poopart_use&quot;:&quot;yes&quot;,&quot;_ob_shadough_use&quot;:&quot;no&quot;,&quot;_ob_allow_hoveranimator&quot;:&quot;no&quot;}\" data-widget_type=\"heading.default\">\n\t\t\t\t<div class=\"elementor-widget-container\">\n\t\t\t\t\t<h2 class=\"elementor-heading-title elementor-size-default\">House Attos<\/h2>\t\t\t\t<\/div>\n\t\t\t\t<\/div>\n\t\t\t\t<div class=\"elementor-element elementor-element-60558fe animated-slow ob-harakiri-inherit ob-has-background-overlay elementor-widget elementor-widget-heading\" data-id=\"60558fe\" data-element_type=\"widget\" data-e-type=\"widget\" data-settings=\"{&quot;_animation&quot;:&quot;none&quot;,&quot;_animation_mobile&quot;:&quot;none&quot;,&quot;_ob_use_harakiri&quot;:&quot;yes&quot;,&quot;_ob_harakiri_writing_mode&quot;:&quot;inherit&quot;,&quot;_ob_harakiri_text_clip&quot;:&quot;none&quot;,&quot;_ob_widget_stalker_use&quot;:&quot;no&quot;,&quot;_ob_poopart_use&quot;:&quot;yes&quot;,&quot;_ob_shadough_use&quot;:&quot;no&quot;,&quot;_ob_allow_hoveranimator&quot;:&quot;no&quot;}\" data-widget_type=\"heading.default\">\n\t\t\t\t<div class=\"elementor-widget-container\">\n\t\t\t\t\t<h2 class=\"elementor-heading-title elementor-size-default\">cancellation conditions<\/h2>\t\t\t\t<\/div>\n\t\t\t\t<\/div>\n\t\t\t\t<div class=\"elementor-element elementor-element-b4d6e9c elementor-align-center ob-has-background-overlay elementor-widget elementor-widget-button\" data-id=\"b4d6e9c\" data-element_type=\"widget\" data-e-type=\"widget\" data-settings=\"{&quot;_ob_butterbutton_use_it&quot;:&quot;no&quot;,&quot;_ob_widget_stalker_use&quot;:&quot;no&quot;,&quot;_ob_poopart_use&quot;:&quot;yes&quot;,&quot;_ob_shadough_use&quot;:&quot;no&quot;,&quot;_ob_allow_hoveranimator&quot;:&quot;no&quot;}\" data-widget_type=\"button.default\">\n\t\t\t\t<div class=\"elementor-widget-container\">\n\t\t\t\t\t\t\t\t\t<div class=\"elementor-button-wrapper\">\n\t\t\t\t\t<a class=\"elementor-button elementor-button-link elementor-size-lg elementor-animation-grow\" href=\"#start\">\n\t\t\t\t\t\t<span class=\"elementor-button-content-wrapper\">\n\t\t\t\t\t\t<span class=\"elementor-button-icon\">\n\t\t\t\t<svg xmlns=\"http:\/\/www.w3.org\/2000\/svg\" xmlns:xlink=\"http:\/\/www.w3.org\/1999\/xlink\" xmlns:serif=\"http:\/\/www.serif.com\/\" width=\"100%\" height=\"100%\" viewbox=\"0 0 724 724\" xml:space=\"preserve\" style=\"fill-rule:evenodd;clip-rule:evenodd;stroke-linejoin:round;stroke-miterlimit:2;\">    <g transform=\"matrix(1,0,0,1,-915.467,-848.396)\">        <g transform=\"matrix(4.16667,0,0,4.16667,0,0)\">            <path d=\"M393.31,289.832C393.31,295.296 388.871,299.735 383.407,299.735L316.997,299.735L316.997,367.31C316.997,372.774 312.558,377.213 307.094,377.213C301.629,377.213 297.19,372.774 297.19,367.31L297.19,299.735L229.615,299.735C224.151,299.735 219.712,295.296 219.712,289.832C219.712,284.368 224.151,279.929 229.615,279.929L297.19,279.929L297.19,213.519C297.19,208.054 301.629,203.615 307.094,203.615C312.558,203.615 316.997,208.054 316.997,213.519L316.997,279.929L383.407,279.929C388.871,279.929 393.31,284.368 393.31,289.832Z\" style=\"fill:white;fill-rule:nonzero;\"><\/path>        <\/g>    <\/g><\/svg>\t\t\t<\/span>\n\t\t\t\t\t\t\t\t<\/span>\n\t\t\t\t\t<\/a>\n\t\t\t\t<\/div>\n\t\t\t\t\t\t\t\t<\/div>\n\t\t\t\t<\/div>\n\t\t\t\t\t<\/div>\n\t\t\t\t<\/div>\n\t\t<div class=\"elementor-element elementor-element-320d54b e-flex e-con-boxed e-con e-parent\" data-id=\"320d54b\" data-element_type=\"container\" data-e-type=\"container\" data-settings=\"{&quot;background_background&quot;:&quot;classic&quot;,&quot;_ob_use_container_extras&quot;:&quot;no&quot;,&quot;_ob_column_hoveranimator&quot;:&quot;no&quot;,&quot;_ob_glider_is_slider&quot;:&quot;no&quot;,&quot;_ob_column_has_pseudo&quot;:&quot;no&quot;}\">\n\t\t\t\t\t<div class=\"e-con-inner\">\n\t\t\t\t<div class=\"elementor-element elementor-element-16ab54d ob-has-background-overlay elementor-widget elementor-widget-menu-anchor\" data-id=\"16ab54d\" data-element_type=\"widget\" data-e-type=\"widget\" data-settings=\"{&quot;_ob_widget_stalker_use&quot;:&quot;no&quot;,&quot;_ob_poopart_use&quot;:&quot;yes&quot;,&quot;_ob_shadough_use&quot;:&quot;no&quot;,&quot;_ob_allow_hoveranimator&quot;:&quot;no&quot;}\" data-widget_type=\"menu-anchor.default\">\n\t\t\t\t<div class=\"elementor-widget-container\">\n\t\t\t\t\t\t\t<div class=\"elementor-menu-anchor\" id=\"start\"><\/div>\n\t\t\t\t\t\t<\/div>\n\t\t\t\t<\/div>\n\t\t\t\t<div class=\"elementor-element elementor-element-5373872 elementor-widget__width-inherit ob-has-background-overlay elementor-widget elementor-widget-toggle\" data-id=\"5373872\" data-element_type=\"widget\" data-e-type=\"widget\" data-settings=\"{&quot;_ob_widget_stalker_use&quot;:&quot;no&quot;,&quot;_ob_poopart_use&quot;:&quot;yes&quot;,&quot;_ob_shadough_use&quot;:&quot;no&quot;,&quot;_ob_allow_hoveranimator&quot;:&quot;no&quot;}\" data-widget_type=\"toggle.default\">\n\t\t\t\t<div class=\"elementor-widget-container\">\n\t\t\t\t\t\t\t<div class=\"elementor-toggle\">\n\t\t\t\t\t\t\t<div class=\"elementor-toggle-item\">\n\t\t\t\t\t<h3 id=\"elementor-tab-title-8751\" class=\"elementor-tab-title\" data-tab=\"1\" role=\"button\" aria-controls=\"elementor-tab-content-8751\" aria-expanded=\"false\">\n\t\t\t\t\t\t\t\t\t\t\t\t<a class=\"elementor-toggle-title\" tabindex=\"0\">Our cancellation policy at a glance<\/a>\n\t\t\t\t\t<\/h3>\n\n\t\t\t\t\t<div id=\"elementor-tab-content-8751\" class=\"elementor-tab-content elementor-clearfix\" data-tab=\"1\" role=\"region\" aria-labelledby=\"elementor-tab-title-8751\"><div class=\"inner show\"><ul><li>Up to 30 days before arrival, guests can cancel free of charge.<\/li><li>The guest pays 30% of the total price - deposit in case of cancellation in the 30 days before arrival.<\/li><\/ul><\/div><\/div>\n\t\t\t\t<\/div>\n\t\t\t\t\t\t\t<div class=\"elementor-toggle-item\">\n\t\t\t\t\t<h3 id=\"elementor-tab-title-8752\" class=\"elementor-tab-title\" data-tab=\"2\" role=\"button\" aria-controls=\"elementor-tab-content-8752\" aria-expanded=\"false\">\n\t\t\t\t\t\t\t\t\t\t\t\t<a class=\"elementor-toggle-title\" tabindex=\"0\">Hotel industry AGBH<\/a>\n\t\t\t\t\t<\/h3>\n\n\t\t\t\t\t<div id=\"elementor-tab-content-8752\" class=\"elementor-tab-content elementor-clearfix\" data-tab=\"2\" role=\"region\" aria-labelledby=\"elementor-tab-title-8752\"><p>Our cancellation policy is based on the general terms and conditions for\u00a0<a title=\"AGBH Austria\" href=\"https:\/\/www.wko.at\/branchen\/tourismus-freizeitwirtschaft\/hotellerie\/AGBH_061115.pdf\" target=\"_blank\" rel=\"noopener noreferrer\"><span style=\"color: #333333;\">Hotel industry AGBH<\/span><\/a>.<\/p><\/div>\n\t\t\t\t<\/div>\n\t\t\t\t\t\t\t<div class=\"elementor-toggle-item\">\n\t\t\t\t\t<h3 id=\"elementor-tab-title-8753\" class=\"elementor-tab-title\" data-tab=\"3\" role=\"button\" aria-controls=\"elementor-tab-content-8753\" aria-expanded=\"false\">\n\t\t\t\t\t\t\t\t\t\t\t\t<a class=\"elementor-toggle-title\" tabindex=\"0\">cancellation insurance<\/a>\n\t\t\t\t\t<\/h3>\n\n\t\t\t\t\t<div id=\"elementor-tab-content-8753\" class=\"elementor-tab-content elementor-clearfix\" data-tab=\"3\" role=\"region\" aria-labelledby=\"elementor-tab-title-8753\"><p>We strongly advise all our guests to have one\u00a0<a href=\"https:\/\/www.europaeische.at\/\" target=\"_blank\" rel=\"noopener noreferrer\"><span style=\"color: #333333;\">cancellation insurance<\/span><\/a>\u00a0complete! More information on this in the following point.<\/p><\/div>\n\t\t\t\t<\/div>\n\t\t\t\t\t\t\t\t<\/div>\n\t\t\t\t\t\t<\/div>\n\t\t\t\t<\/div>\n\t\t\t\t\t<\/div>\n\t\t\t\t<\/div>\n\t\t\t\t<\/div>","protected":false},"excerpt":{"rendered":"<p>Haus Attos Storno&shy;bedingungen Unsere Stornorichtlinien im \u00dcberblick Bis zu 30 Tage vor der Anreise k\u00f6nnen G\u00e4ste kostenlos stornieren. Der Gast zahlt im Falle einer Stornierung in den 30 Tagen vor der Anreise 30% des Gesamtpreises &#8211; Anzahlung. Hotellerie AGBH Unsere Stornorichtlinien richten sich nach den allgemein g\u00fcltigen Gesch\u00e4ftsbedingungen f\u00fcr\u00a0Hotellerie AGBH. Reiser\u00fccktrittsversicherung Wir raten all unseren [&hellip;]<\/p>\n","protected":false},"author":1,"featured_media":0,"parent":0,"menu_order":7,"comment_status":"closed","ping_status":"closed","template":"elementor_header_footer","meta":{"iawp_total_views":55,"footnotes":""},"class_list":["post-27","page","type-page","status-publish","hentry"],"_links":{"self":[{"href":"https:\/\/www.haus-attos.at\/en\/wp-json\/wp\/v2\/pages\/27","targetHints":{"allow":["GET"]}}],"collection":[{"href":"https:\/\/www.haus-attos.at\/en\/wp-json\/wp\/v2\/pages"}],"about":[{"href":"https:\/\/www.haus-attos.at\/en\/wp-json\/wp\/v2\/types\/page"}],"author":[{"embeddable":true,"href":"https:\/\/www.haus-attos.at\/en\/wp-json\/wp\/v2\/users\/1"}],"replies":[{"embeddable":true,"href":"https:\/\/www.haus-attos.at\/en\/wp-json\/wp\/v2\/comments?post=27"}],"version-history":[{"count":61,"href":"https:\/\/www.haus-attos.at\/en\/wp-json\/wp\/v2\/pages\/27\/revisions"}],"predecessor-version":[{"id":2582,"href":"https:\/\/www.haus-attos.at\/en\/wp-json\/wp\/v2\/pages\/27\/revisions\/2582"}],"wp:attachment":[{"href":"https:\/\/www.haus-attos.at\/en\/wp-json\/wp\/v2\/media?parent=27"}],"curies":[{"name":"wp","href":"https:\/\/api.w.org\/{rel}","templated":true}]}}